{"id":137,"date":"2021-07-04T11:33:46","date_gmt":"2021-07-04T09:33:46","guid":{"rendered":"https:\/\/tierarzt-harz.de\/?page_id=137"},"modified":"2025-08-05T18:35:15","modified_gmt":"2025-08-05T17:35:15","slug":"notfall","status":"publish","type":"page","link":"https:\/\/tierarzt-harz.de\/?page_id=137","title":{"rendered":"Notfall"},"content":{"rendered":"<div  data-label=\"Reaktion\" data-id=\"about--1\" data-export-id=\"about-9\" data-category=\"about\" class=\"about-9 content-section content-section-spacing content-relative\" id=\"reaktion\" style=\"background-color: rgb(255, 255, 255);\"><div  class=\"gridContainer\"> <div  class=\"row middle-sm text-center\"><div  class=\"col-sm-5 space-bottom-xs content-column content-right-sm\" data-type=\"column\"> <h5  class=\"\">IM NOTFALL RICHTIG REAGIEREN<\/h5> <h2  class=\"\" style=\"border-bottom-color: rgb(100, 171, 40);\">Die Patienten ben\u00f6tigen<br > <span  style=\"font-family: Playfair Display,sans-serif; font-weight: 700; font-style: italic;\" href=\"#\">m\u00f6glichst schnell&nbsp;<\/span>Hilfe<\/h2> <p  class=\"\" style=\"text-align: justify;\">Nach Autounf\u00e4llen, Bei\u00dfereien, Schnittverletzungen, St\u00fcrzen etc. kommt es h\u00e4ufig zu nennenswerten, manchmal lebensbedrohlichen Verletzungen, oft mit erheblichen Blutungen. Auch Vergiftungen oder Schockgeschehen stellen echte Notf\u00e4lle dar. Diese Patienten ben\u00f6tigen m\u00f6glichst schnell Hilfe, um ein Kreislaufversagen zu verhindern. Oft m\u00fcssen sie erst mit Infusionen und Medikamenten soweit stabilisiert werden, dass eine wom\u00f6glich n\u00f6tige Operation \u00fcberhaupt m\u00f6glich ist, manchmal muss auch sofort eingegriffen werden. Wir verf\u00fcgen \u00fcber den neuesten Stand, sowie  entsprechende M\u00f6glichkeiten der Notfallversorgung und -chirurgie.\n<br ><br ><span  style=\"font-weight: 600;\">Z\u00f6gern Sie nicht uns umgehend anzurufen. Wir sind gern f\u00fcr Sie da!\n<br ><br ><span  style=\"font-weight: 300;\">Unsere Telefonnummer im Notfall:<\/span>&nbsp;0151 123 988 58<\/span><\/p> <\/div> <div  class=\"col-sm-7 flexbox flexbox middle-xs center-xs space-bottom-xs\"><div  class=\"overlay-box flexbox middle-xs center-xs overlay-holder \"> <div  class=\"overlay-box-offset offset-background shadow-medium bg-color2 hide-xs\"><\/div> <img  decoding=\"async\" class=\"flexbox shadow-large img1\" src=\"https:\/\/tierarzt-harz.de\/wp-content\/uploads\/2021\/09\/65-Team-65-von-65_c.jpg\" data-size=\"600x400\" title=\"Notfall\" alt=\"Notfall\"><\/div> <\/div><\/div> <\/div><\/div><div  data-label=\"Cta\" data-id=\"cta--1\" data-export-id=\"cta-centered-section-grid\" data-category=\"cta\" class=\"cta-centered-section-grid content-section content-section-spacing-medium bg-color1 white-text\" id=\"cta-1\"><div  class=\"gridContainer\"> <div  class=\"row text-center\"><div  class=\"col-xs-12 col-sm-10 col-sm-offset-1 col-md-8 col-md-offset-2\" data-type=\"column\"> <h2  class=\"\" style=\"border-bottom-color: rgb(255, 255, 255);\">Notdienst suchen<\/h2> <p  class=\"\">Tier\u00e4rztliche Notdienste&nbsp;f\u00fcr Klein- und Heimtiere in&nbsp;Sachsen-Anhalt k\u00f6nnen Sie ab sofort auch online suchen.<\/p> <a  class=\"button color-white outline\" href=\"https:\/\/www.tieraerztliche-notdienste.de\" target=\"_blank\" data-cp-link=\"1\" data-icon=\"fa-search\" rel=\"noopener\"><span  class=\"button-icon fa fa-search\"><\/span>Notdienst suchen<\/a><\/div> <\/div><\/div> <\/div><div  data-label=\"Notfaelle\" data-id=\"features--1\" data-export-id=\"features-12-card\" data-category=\"features\" class=\"features-12-card content-section content-section-spacing \" id=\"notfaelle\" style=\"background-color: rgb(245, 250, 253);\"><div  class=\"gridContainer\"> <div  class=\"row text-center\"><div  class=\"section-title-col\" data-type=\"column\"> <h2  class=\"\" style=\"border-bottom-color: rgb(100, 171, 40);\">Was sind Notf\u00e4lle?<\/h2> <p  class=\"lead\">Die folgenden Beispiele geben einen \u00dcberblick \u00fcber typische Notf\u00e4lle bei Kleintieren.<\/p><\/div> <\/div> <div  class=\"row spaced-cols\" data-type=\"row\"> <div  class=\"col-sm-6\"> <div  class=\"card row-card\"> <div  class=\"row\"> <div  class=\"col-sm-fit icon-column\"> <i  class=\"fa icon fa-heart bordered round color1\"><\/i> <\/div> <div  class=\"col-sm\" data-type=\"column\"><p  class=\"\"><\/p><li  class=\"\">Akute Atemnot<\/li>\n<li  class=\"\">Kreislaufzusammenbruch, Schock<\/li>\n<li  class=\"\">Epileptische (krampfartige) Anf\u00e4lle<\/li>  <\/div> <\/div><\/div> <\/div> <div  class=\"col-sm-6\"> <div  class=\"card row-card\"> <div  class=\"row\"> <div  class=\"col-sm-fit icon-column\"> <i  class=\"fa icon fa-ambulance bordered round color1\"><\/i> <\/div> <div  class=\"col-sm\" data-type=\"column\">  <p  class=\"\"><\/p><li  class=\"\">Blutungen<\/li>\n<li  class=\"\">Magendrehung<\/li>\n<li  class=\"\">Anhaltendes Erbrechen,&nbsp;w\u00e4ssriger Durchfall \u00fcber mehrere Stunden<\/li><\/div> <\/div><\/div> <\/div>  <div  class=\"col-sm-6\"> <div  class=\"card row-card\"> <div  class=\"row\"> <div  class=\"col-sm-fit icon-column\"> <i  class=\"fa icon fa-heart-o bordered round color1\"><\/i> <\/div> <div  class=\"col-sm\" data-type=\"column\"><p  class=\"\"><\/p><li  class=\"\">Schwere Biss- oder Schnittverletzungen<\/li>\n<li  class=\"\">Frakturen, oder der Verdacht auf eine Fraktur<\/li>\n<li  class=\"\">Verdacht auf eine Vergiftung, oder die Aufnahme eines Fremdk\u00f6rpers<\/li>  <\/div> <\/div><\/div> <\/div><\/div> <\/div><\/div><div  data-label=\"helfen\" data-id=\"content--1\" data-export-id=\"content-2\" data-category=\"content\" class=\"content-2 content-section content-section-spacing\" id=\"helfen\" style=\"background-color: rgb(255, 255, 255);\"><div > <div  class=\"row middle-xs\"><div  class=\"col-sm-5 bg-image shadow-large-black\" data-bg=\"image\" style=\"background-image: url(&quot;https:\/\/tierarzt-harz.de\/wp-content\/uploads\/2021\/07\/cropped-AdobeStock_317205668@025x.jpg&quot;);\"><\/div> <div  class=\"col-sm-7 full-col-left-padding full-col-right-padding\"> <div  class=\"row\"> <div  data-type=\"column\" class=\"space-bottom-small content-title-col\"> <h5  class=\"\">ERSTE HILFE BEIM NOTFALL<\/h5> <h2  class=\"\" style=\"border-bottom-color: rgb(100, 171, 40);\">Was k\u00f6nnen Sie tun?<\/h2> <p  class=\"\">Rufen Sie umgehend in der Praxis an. Gemeinsam mit Ihnen besprechen wir erste Ma\u00dfnahmen, welche Sie vor Ort ergreifen k\u00f6nnen und wie Sie den Transport in die Praxen sicher gestalten. <span  style=\"font-weight: 600;\">Bewahren Sie Ruhe<\/span> und notieren Sie sich das besprochene Vorgehen.<\/p><\/div> <\/div> <div  class=\"row spaced-cols \" data-type=\"row\"> <div  class=\"col-xs-6\" data-type=\"column\"> <h5  class=\"\">LAGE<\/h5> <p  class=\"\">Tier stabil lagern, Kopf etwas tiefer als K\u00f6rper<\/p><\/div> <div  class=\"col-xs-6\" data-type=\"column\"><h5  class=\"\">BLUTUNGEN<\/h5> <p  class=\"\">Blutungen durch starkes Abbinden mit Verbandsmaterial, Schal etc. hemmen<\/p><\/div> <div  class=\"col-xs-6\" data-type=\"column\"><h5  class=\"\">ATEMWEGE<\/h5> <p  class=\"\">Atemwege frei halten, eventuell beatmen<\/p><\/div> <div  class=\"col-xs-6\" data-type=\"column\"><h5  class=\"\">UMGEBUNG<\/h5> <p  class=\"\">k\u00fchlende \/ w\u00e4rmende T\u00fccher<\/p><\/div> <\/div><\/div> <\/div><\/div> <\/div>","protected":false},"excerpt":{"rendered":"<p>IM NOTFALL RICHTIG REAGIEREN Die Patienten ben\u00f6tigen m\u00f6glichst schnell&nbsp;Hilfe Nach Autounf\u00e4llen, Bei\u00dfereien, Schnittverletzungen, St\u00fcrzen etc. kommt es h\u00e4ufig zu nennenswerten, manchmal lebensbedrohlichen Verletzungen, oft mit erheblichen Blutungen. Auch Vergiftungen oder Schockgeschehen stellen echte Notf\u00e4lle dar. Diese Patienten ben\u00f6tigen m\u00f6glichst schnell Hilfe, um ein Kreislaufversagen zu verhindern. Oft m\u00fcssen sie erst mit Infusionen und Medikamenten soweit&hellip; <br \/> <a class=\"read-more\" href=\"https:\/\/tierarzt-harz.de\/?page_id=137\">Read more<\/a><\/p>\n","protected":false},"author":1,"featured_media":0,"parent":0,"menu_order":0,"comment_status":"closed","ping_status":"closed","template":"pro\/page-templates\/full-width-page.php","meta":{"footnotes":""},"class_list":["post-137","page","type-page","status-publish","hentry"],"_links":{"self":[{"href":"https:\/\/tierarzt-harz.de\/index.php?rest_route=\/wp\/v2\/pages\/137","targetHints":{"allow":["GET"]}}],"collection":[{"href":"https:\/\/tierarzt-harz.de\/index.php?rest_route=\/wp\/v2\/pages"}],"about":[{"href":"https:\/\/tierarzt-harz.de\/index.php?rest_route=\/wp\/v2\/types\/page"}],"author":[{"embeddable":true,"href":"https:\/\/tierarzt-harz.de\/index.php?rest_route=\/wp\/v2\/users\/1"}],"replies":[{"embeddable":true,"href":"https:\/\/tierarzt-harz.de\/index.php?rest_route=%2Fwp%2Fv2%2Fcomments&post=137"}],"version-history":[{"count":58,"href":"https:\/\/tierarzt-harz.de\/index.php?rest_route=\/wp\/v2\/pages\/137\/revisions"}],"predecessor-version":[{"id":689,"href":"https:\/\/tierarzt-harz.de\/index.php?rest_route=\/wp\/v2\/pages\/137\/revisions\/689"}],"wp:attachment":[{"href":"https:\/\/tierarzt-harz.de\/index.php?rest_route=%2Fwp%2Fv2%2Fmedia&parent=137"}],"curies":[{"name":"wp","href":"https:\/\/api.w.org\/{rel}","templated":true}]}}