{"id":139,"date":"2021-07-04T11:33:46","date_gmt":"2021-07-04T09:33:46","guid":{"rendered":"https:\/\/tierarzt-harz.de\/?page_id=139"},"modified":"2025-07-07T08:04:48","modified_gmt":"2025-07-07T07:04:48","slug":"team","status":"publish","type":"page","link":"https:\/\/tierarzt-harz.de\/?page_id=139","title":{"rendered":"Team"},"content":{"rendered":"<div  data-label=\"Gruppe\" data-id=\"content--1\" data-export-id=\"content-12\" data-category=\"content\" class=\"content-12 content-section content-section-spacing\" id=\"gruppe\" style=\"background-color: rgb(255, 255, 255);\"><div  class=\"gridContainer\">  <div  class=\"row center-xs middle-xs\"> <div  class=\"col-sm-9\" data-type=\"column\"> <img  decoding=\"async\" class=\"shadow-large\" src=\"https:\/\/tierarzt-harz.de\/wp-content\/uploads\/2024\/03\/cropped-gruppe-1n-Kopie-scaled-1.jpg\" title=\"gruppe 1n Kopie\" alt=\"\"><\/div> <\/div><\/div> <\/div><div  data-label=\"Team\" data-id=\"team--2\" data-export-id=\"team-1\" data-category=\"team\" class=\"team-1 content-section content-section-spacing\" id=\"team-2\" style=\"background-color: rgb(255, 255, 255);\"><div  class=\"gridContainer\"> <div  class=\"row text-center\"><div  class=\"section-title-col\" data-type=\"column\"> <h2  class=\"\" style=\"border-bottom-color: rgb(100, 171, 40);\">Das sind wir<\/h2> <p  class=\"lead\">Gemeinsam sorgen wir daf\u00fcr, dass ihr Tier in optimalen H\u00e4nden ist!<\/p><\/div> <\/div> <div  class=\"row spaced-cols content-center-sm\" data-type=\"row\"> <div  class=\"col-xs-12 col-sm-6 col-md-3\"> <div  class=\"card bottom-border-color1 no-padding no-shadow\"> <img  decoding=\"async\" class=\"face\" src=\"https:\/\/tierarzt-harz.de\/wp-content\/uploads\/2024\/03\/cropped-TAP-080-Kopie-scaled-1.jpg\" title=\"TAP 080 Kopie\" alt=\"\"> <div  data-type=\"column\" class=\"col-padding-small col-padding-small-xs description-container\"> <h4  class=\"font-500\">Christina Strohkorb<\/h4> <p  class=\"small\" style=\"font-style: italic;\">Tier\u00e4rztin f\u00fcr Klein- und Heimtiere<\/p> <div  class=\"social-icons-group\" data-type=\"group\"> <a  href=\"#\" target=\"_self\" data-reiki-hidden=\"true\" rel=\"noopener\"><i  class=\"fa icon fa-facebook-square gray\"><\/i><\/a> <a  href=\"#\" target=\"_self\" data-reiki-hidden=\"true\" rel=\"noopener\"><i  class=\"fa icon fa-twitter-square gray\"><\/i><\/a> <a  href=\"#\" target=\"_self\" data-reiki-hidden=\"true\" rel=\"noopener\"><i  class=\"fa icon fa-linkedin-square gray\"><\/i><\/a> <a  href=\"#\" target=\"_self\" data-reiki-hidden=\"true\" rel=\"noopener\"><i  class=\"fa icon fa-google-plus-square gray\"><\/i><\/a><\/div> <\/div><\/div> <\/div> <div  class=\"col-xs-12 col-sm-6 col-md-3\"> <div  class=\"card bottom-border-color1 no-padding no-shadow\"> <img  decoding=\"async\" class=\"face\" src=\"https:\/\/tierarzt-harz.de\/wp-content\/uploads\/2024\/03\/cropped-TAP-115-Kopie-scaled-1.jpg\" title=\"TAP 115 Kopie\" alt=\"\"> <div  data-type=\"column\" class=\"col-padding-small col-padding-small-xs description-container\"> <h4  class=\"font-500\">Martin Strohkorb<\/h4> <p  class=\"small\" style=\"font-style: italic;\">Tierarzthelfer<\/p> <div  class=\"social-icons-group\" data-type=\"group\"> <a  href=\"#\" target=\"_self\" data-reiki-hidden=\"true\" rel=\"noopener\"><i  class=\"fa icon fa-facebook-square gray\"><\/i><\/a> <a  href=\"#\" target=\"_self\" data-reiki-hidden=\"true\" rel=\"noopener\"><i  class=\"fa icon fa-twitter-square gray\"><\/i><\/a> <a  href=\"#\" target=\"_self\" data-reiki-hidden=\"true\" rel=\"noopener\"><i  class=\"fa icon fa-linkedin-square gray\"><\/i><\/a> <a  href=\"#\" target=\"_self\" data-reiki-hidden=\"true\" rel=\"noopener\"><i  class=\"fa icon fa-google-plus-square gray\"><\/i><\/a><\/div> <\/div><\/div> <\/div> <div  class=\"col-xs-12 col-sm-6 col-md-3\"> <div  class=\"card bottom-border-color1 no-padding no-shadow\"> <img  decoding=\"async\" class=\"face\" src=\"https:\/\/tierarzt-harz.de\/wp-content\/uploads\/2024\/03\/cropped-TAP-010-Kopie-scaled-1.jpg\" title=\"TAP 010 Kopie\" alt=\"\"> <div  data-type=\"column\" class=\"col-padding-small col-padding-small-xs description-container\"> <h4  class=\"font-500\">Anna-Julia Sch\u00fcler<\/h4> <p  class=\"small\" style=\"font-style: italic;\">Tiermedizinische Fachangestellte<\/p> <div  class=\"social-icons-group\" data-type=\"group\"> <a  href=\"#\" target=\"_self\" data-reiki-hidden=\"true\" rel=\"noopener\"><i  class=\"fa icon fa-facebook-square gray\"><\/i><\/a> <a  href=\"#\" target=\"_self\" data-reiki-hidden=\"true\" rel=\"noopener\"><i  class=\"fa icon fa-twitter-square gray\"><\/i><\/a> <a  href=\"#\" target=\"_self\" data-reiki-hidden=\"true\" rel=\"noopener\"><i  class=\"fa icon fa-linkedin-square gray\"><\/i><\/a> <a  href=\"#\" target=\"_self\" data-reiki-hidden=\"true\" rel=\"noopener\"><i  class=\"fa icon fa-google-plus-square gray\"><\/i><\/a><\/div> <\/div><\/div> <\/div> <div  class=\"col-xs-12 col-sm-6 col-md-3\"> <div  class=\"card bottom-border-color1 no-padding no-shadow\"> <img  decoding=\"async\" class=\"face\" src=\"https:\/\/tierarzt-harz.de\/wp-content\/uploads\/2024\/03\/cropped-TAP-044-Kopie-scaled-1.jpg\" title=\"TAP 044 Kopie\" alt=\"\"> <div  data-type=\"column\" class=\"col-padding-small col-padding-small-xs description-container\"> <h4  class=\"font-500\">Jil Vettermann<\/h4> <p  class=\"small\" style=\"font-style: italic;\">Tiermedizinische Fachangestellte<\/p> <div  class=\"social-icons-group\" data-type=\"group\"> <a  href=\"#\" target=\"_self\" data-reiki-hidden=\"true\" rel=\"noopener\"><i  class=\"fa icon fa-facebook-square gray\"><\/i><\/a> <a  href=\"#\" target=\"_self\" data-reiki-hidden=\"true\" rel=\"noopener\"><i  class=\"fa icon fa-twitter-square gray\"><\/i><\/a> <a  href=\"#\" target=\"_self\" data-reiki-hidden=\"true\" rel=\"noopener\"><i  class=\"fa icon fa-linkedin-square gray\"><\/i><\/a> <a  href=\"#\" target=\"_self\" data-reiki-hidden=\"true\" rel=\"noopener\"><i  class=\"fa icon fa-google-plus-square gray\"><\/i><\/a><\/div> <\/div><\/div> <\/div> <div  class=\"col-xs-12 col-sm-6 col-md-3\"> <div  class=\"card bottom-border-color1 no-padding no-shadow\"> <img  decoding=\"async\" class=\"face\" src=\"https:\/\/tierarzt-harz.de\/wp-content\/uploads\/2024\/03\/cropped-TAP-076-Kopie.jpg\" title=\"cropped-TAP-076-Kopie.jpg\" alt=\"\"> <div  data-type=\"column\" class=\"col-padding-small col-padding-small-xs description-container\"> <h4  class=\"font-500\">Schlehe<\/h4> <p  class=\"small\" style=\"font-style: italic;\">Jagdprofi &amp; Mama<\/p> <div  class=\"social-icons-group\" data-type=\"group\"> <a  href=\"#\" target=\"_self\" data-reiki-hidden=\"true\" rel=\"noopener\"><i  class=\"fa icon fa-facebook-square gray\"><\/i><\/a> <a  href=\"#\" target=\"_self\" data-reiki-hidden=\"true\" rel=\"noopener\"><i  class=\"fa icon fa-twitter-square gray\"><\/i><\/a> <a  href=\"#\" target=\"_self\" data-reiki-hidden=\"true\" rel=\"noopener\"><i  class=\"fa icon fa-linkedin-square gray\"><\/i><\/a> <a  href=\"#\" target=\"_self\" data-reiki-hidden=\"true\" rel=\"noopener\"><i  class=\"fa icon fa-google-plus-square gray\"><\/i><\/a><\/div> <\/div><\/div> <\/div> <div  class=\"col-xs-12 col-sm-6 col-md-3\"> <div  class=\"card bottom-border-color1 no-padding no-shadow\"> <img  decoding=\"async\" class=\"face\" src=\"https:\/\/tierarzt-harz.de\/wp-content\/uploads\/2024\/03\/cropped-TAP-100-Kopie.jpg\" title=\"cropped-TAP-100-Kopie.jpg\" alt=\"\"> <div  data-type=\"column\" class=\"col-padding-small col-padding-small-xs description-container\"> <h4  class=\"font-500\">Vina<\/h4> <p  class=\"small\" style=\"font-style: italic;\">M\u00f6chtegern Jagdprofi<\/p> <div  class=\"social-icons-group\" data-type=\"group\"> <a  href=\"#\" target=\"_self\" data-reiki-hidden=\"true\" rel=\"noopener\"><i  class=\"fa icon fa-facebook-square gray\"><\/i><\/a> <a  href=\"#\" target=\"_self\" data-reiki-hidden=\"true\" rel=\"noopener\"><i  class=\"fa icon fa-twitter-square gray\"><\/i><\/a> <a  href=\"#\" target=\"_self\" data-reiki-hidden=\"true\" rel=\"noopener\"><i  class=\"fa icon fa-linkedin-square gray\"><\/i><\/a> <a  href=\"#\" target=\"_self\" data-reiki-hidden=\"true\" rel=\"noopener\"><i  class=\"fa icon fa-google-plus-square gray\"><\/i><\/a><\/div> <\/div><\/div> <\/div> <div  class=\"col-xs-12 col-sm-6 col-md-3\"> <div  class=\"card bottom-border-color1 no-padding no-shadow\"> <img  decoding=\"async\" class=\"face\" src=\"https:\/\/tierarzt-harz.de\/wp-content\/uploads\/2024\/03\/cropped-TAP-004-Kopie-scaled-1.jpg\" title=\"TAP 004 Kopie\" alt=\"\"> <div  data-type=\"column\" class=\"col-padding-small col-padding-small-xs description-container\"> <h4  class=\"font-500\">Neo<\/h4> <p  class=\"small\" style=\"font-style: italic;\">Tr\u00f6ster<\/p> <div  class=\"social-icons-group\" data-type=\"group\"> <a  href=\"#\" target=\"_self\" data-reiki-hidden=\"true\" rel=\"noopener\"><i  class=\"fa icon fa-facebook-square gray\"><\/i><\/a> <a  href=\"#\" target=\"_self\" data-reiki-hidden=\"true\" rel=\"noopener\"><i  class=\"fa icon fa-twitter-square gray\"><\/i><\/a> <a  href=\"#\" target=\"_self\" data-reiki-hidden=\"true\" rel=\"noopener\"><i  class=\"fa icon fa-linkedin-square gray\"><\/i><\/a> <a  href=\"#\" target=\"_self\" data-reiki-hidden=\"true\" rel=\"noopener\"><i  class=\"fa icon fa-google-plus-square gray\"><\/i><\/a><\/div> <\/div><\/div> <\/div> <div  class=\"col-xs-12 col-sm-6 col-md-3\"> <div  data-type=\"column\" class=\"card bottom-border-color1 no-padding no-shadow\"> <img  decoding=\"async\" class=\"face\" src=\"https:\/\/tierarzt-harz.de\/wp-content\/uploads\/2024\/03\/cropped-TAP-031-Kopie-scaled-1.jpg\" title=\"TAP 031 Kopie\" alt=\"\"> <div  data-type=\"column\" class=\"col-padding-small col-padding-small-xs description-container\"> <h4  class=\"font-500\">August<\/h4> <p  class=\"small\" style=\"font-style: italic;\">Dackel Nachwuchs<\/p> <div  class=\"social-icons-group\" data-type=\"group\"> <a  href=\"#\" target=\"_self\" data-reiki-hidden=\"true\" rel=\"noopener\"><i  class=\"fa icon fa-facebook-square gray\"><\/i><\/a> <a  href=\"#\" target=\"_self\" data-reiki-hidden=\"true\" rel=\"noopener\"><i  class=\"fa icon fa-twitter-square gray\"><\/i><\/a> <a  href=\"#\" target=\"_self\" data-reiki-hidden=\"true\" rel=\"noopener\"><i  class=\"fa icon fa-linkedin-square gray\"><\/i><\/a> <a  href=\"#\" target=\"_self\" data-reiki-hidden=\"true\" rel=\"noopener\"><i  class=\"fa icon fa-google-plus-square gray\"><\/i><\/a><\/div> <\/div><\/div> <\/div><div  class=\"col-xs-12 col-sm-6 col-md-3\"> <div  class=\"card bottom-border-color1 no-padding no-shadow\"> <img  decoding=\"async\" class=\"face\" src=\"https:\/\/tierarzt-harz.de\/wp-content\/uploads\/2021\/09\/cropped-29-Team-29-von-65_c.jpg\" title=\"Tiermedizinische Fachangestellte\" alt=\"\"> <div  data-type=\"column\" class=\"col-padding-small col-padding-small-xs description-container\"> <h4  class=\"font-500\">Jenny Schulze<\/h4> <p  class=\"small\" style=\"font-style: italic;\">Studentin der Veterin\u00e4rmedizin, TFA<\/p> <div  class=\"social-icons-group\" data-type=\"group\"> <a  href=\"#\" target=\"_self\" data-reiki-hidden=\"true\" rel=\"noopener\"><i  class=\"fa icon fa-facebook-square gray\"><\/i><\/a> <a  href=\"#\" target=\"_self\" data-reiki-hidden=\"true\" rel=\"noopener\"><i  class=\"fa icon fa-twitter-square gray\"><\/i><\/a> <a  href=\"#\" target=\"_self\" data-reiki-hidden=\"true\" rel=\"noopener\"><i  class=\"fa icon fa-linkedin-square gray\"><\/i><\/a> <a  href=\"#\" target=\"_self\" data-reiki-hidden=\"true\" rel=\"noopener\"><i  class=\"fa icon fa-google-plus-square gray\"><\/i><\/a><\/div> <\/div><\/div> <\/div><div  class=\"col-xs-12 col-sm-6 col-md-3\"> <div  class=\"card bottom-border-color1 no-padding no-shadow\"> <img  decoding=\"async\" class=\"face\" src=\"https:\/\/tierarzt-harz.de\/wp-content\/uploads\/2024\/08\/cropped-PHOTO-2024-08-06-17-16-04.jpeg\" title=\"cropped-PHOTO-2024-08-06-17-16-04.jpeg\" alt=\"\"> <div  data-type=\"column\" class=\"col-padding-small col-padding-small-xs description-container\"> <h4  class=\"font-500\">Yoda<\/h4> <p  class=\"small\" style=\"font-style: italic;\">Begleitung beim Studium<\/p> <div  class=\"social-icons-group\" data-type=\"group\"> <a  href=\"#\" target=\"_self\" data-reiki-hidden=\"true\" rel=\"noopener\"><i  class=\"fa icon fa-facebook-square gray\"><\/i><\/a> <a  href=\"#\" target=\"_self\" data-reiki-hidden=\"true\" rel=\"noopener\"><i  class=\"fa icon fa-twitter-square gray\"><\/i><\/a> <a  href=\"#\" target=\"_self\" data-reiki-hidden=\"true\" rel=\"noopener\"><i  class=\"fa icon fa-linkedin-square gray\"><\/i><\/a> <a  href=\"#\" target=\"_self\" data-reiki-hidden=\"true\" rel=\"noopener\"><i  class=\"fa icon fa-google-plus-square gray\"><\/i><\/a><\/div> <\/div><\/div> <\/div><\/div> <\/div><\/div><div  data-label=\"About\" data-id=\"about--1\" data-export-id=\"about-10\" data-category=\"about\" class=\"about-10 content-section content-section-spacing\" id=\"about-1\" style=\"background-color: rgb(245, 250, 253);\"><div  class=\"gridContainer\"> <div  class=\"row middle-sm text-center\"><div  class=\"col-sm-5 space-bottom-xs content-column\" data-type=\"column\"> <h5  class=\"\">UNSER TEAM<\/h5> <h2  class=\"\" style=\"border-bottom-color: rgb(100, 171, 40);\">Ihr Tier ist bei uns&nbsp;<br > <span  style=\"font-family: Playfair Display,sans-serif; font-weight: 700; font-style: italic;\" href=\"#\">in besten<\/span> H\u00e4nden!<\/h2> <p  class=\"\">Bei uns steht die Gesundheit Ihres Tieres zusammen mit Ihren Bed\u00fcrfnissen im Mittelpunkt. Ausgestattet mit moderner Technik, wie R\u00f6ntgen, Ultraschall, Labor k\u00f6nnen wir individuell und schnell herausfinden was Ihrem Liebling fehlt \u2013 und ihn schnellstm\u00f6glich wieder auf die Beine bringen!<\/p> <a  class=\"button color1\" href=\"https:\/\/tierarzt-harz.de\" target=\"_self\" data-cp-link=\"1\" data-icon=\"fa-calendar-check-o\" rel=\"noopener\"><span  class=\"button-icon fa fa-calendar-check-o\"><\/span>Terminvereinbarung auf der Startseite<\/a><\/div> <div  class=\"col-sm-7 flexbox middle-xs center-xs space-bottom-xs\"><div  class=\"overlay-box middle-xs center-xs flexbox\"> <div  class=\"overlay-box-offset offset-border shadow-medium border-color1 hide-xs\"><\/div> <img  decoding=\"async\" class=\"shadow-large\" data-size=\"485x705\" src=\"https:\/\/tierarzt-harz.de\/wp-content\/uploads\/2024\/01\/cropped-PHOTO-2024-01-04-23-16-53.jpg\" title=\"Team\" alt=\"\"><\/div> <\/div><\/div> <\/div><\/div>","protected":false},"excerpt":{"rendered":"<p>Das sind wir Gemeinsam sorgen wir daf\u00fcr, dass ihr Tier in optimalen H\u00e4nden ist! Christina Strohkorb Tier\u00e4rztin f\u00fcr Klein- und Heimtiere Martin Strohkorb Tierarzthelfer Anna-Julia Sch\u00fcler Tiermedizinische Fachangestellte Jil Vettermann Tiermedizinische Fachangestellte Schlehe Jagdprofi &amp; Mama Vina M\u00f6chtegern Jagdprofi Neo Tr\u00f6ster August Dackel Nachwuchs Jenny Schulze Studentin der Veterin\u00e4rmedizin, TFA Yoda Begleitung beim Studium UNSER&hellip; <br \/> <a class=\"read-more\" href=\"https:\/\/tierarzt-harz.de\/?page_id=139\">Read more<\/a><\/p>\n","protected":false},"author":1,"featured_media":0,"parent":0,"menu_order":0,"comment_status":"closed","ping_status":"closed","template":"pro\/page-templates\/full-width-page.php","meta":{"footnotes":""},"class_list":["post-139","page","type-page","status-publish","hentry"],"_links":{"self":[{"href":"https:\/\/tierarzt-harz.de\/index.php?rest_route=\/wp\/v2\/pages\/139","targetHints":{"allow":["GET"]}}],"collection":[{"href":"https:\/\/tierarzt-harz.de\/index.php?rest_route=\/wp\/v2\/pages"}],"about":[{"href":"https:\/\/tierarzt-harz.de\/index.php?rest_route=\/wp\/v2\/types\/page"}],"author":[{"embeddable":true,"href":"https:\/\/tierarzt-harz.de\/index.php?rest_route=\/wp\/v2\/users\/1"}],"replies":[{"embeddable":true,"href":"https:\/\/tierarzt-harz.de\/index.php?rest_route=%2Fwp%2Fv2%2Fcomments&post=139"}],"version-history":[{"count":18,"href":"https:\/\/tierarzt-harz.de\/index.php?rest_route=\/wp\/v2\/pages\/139\/revisions"}],"predecessor-version":[{"id":682,"href":"https:\/\/tierarzt-harz.de\/index.php?rest_route=\/wp\/v2\/pages\/139\/revisions\/682"}],"wp:attachment":[{"href":"https:\/\/tierarzt-harz.de\/index.php?rest_route=%2Fwp%2Fv2%2Fmedia&parent=139"}],"curies":[{"name":"wp","href":"https:\/\/api.w.org\/{rel}","templated":true}]}}