{"id":141,"date":"2021-07-04T11:33:46","date_gmt":"2021-07-04T09:33:46","guid":{"rendered":"https:\/\/tierarzt-harz.de\/?page_id=141"},"modified":"2024-11-16T20:46:33","modified_gmt":"2024-11-16T19:46:33","slug":"praxis-berssel","status":"publish","type":"page","link":"https:\/\/tierarzt-harz.de\/?page_id=141","title":{"rendered":"Praxis Ber\u00dfel"},"content":{"rendered":"<div  data-label=\"Berssel\" data-id=\"about--1\" data-export-id=\"about-image-text\" data-category=\"about\" class=\"about-image-text content-section content-section-spacing\" id=\"berssel\" style=\"background-color: rgb(255, 255, 255);\"><div  class=\"gridContainer\"> <div  class=\"row\"><div  class=\"col-sm-6 flexbox-strech center-xs middle-xs no-gutter-col\"> <div  class=\"shadow-large overlap-right-large flexbox middle-xs center-xs left-img\" data-bg=\"image\" style=\"background-image: url(&quot;https:\/\/tierarzt-harz.de\/wp-content\/uploads\/2021\/07\/cropped-cropped-MG_7416-Kopie-1.jpg&quot;);\"><\/div><\/div> <div  class=\"col-sm-6 space-bottom-xs col-padding-small-xs col-sm-padding-large bg-color5 white-text content-col\" data-type=\"column\"><h5  class=\"\">WILLKOMMEN IN BER\u00dfEL<\/h5> <h2  class=\"\" style=\"border-bottom-color: rgb(255, 255, 255);\">F\u00fcr die Region um <span  style=\"font-style: italic; font-family: &quot;Playfair Display&quot;, arial, helvetica, sans-serif; font-weight: 700;\">Osterwieck<\/span>, Ilsenburg, Halberstadt, Bad Harzburg und <span  style=\"font-weight: 700; font-style: italic;\">Wernigerode<\/span><\/h2> <p  class=\"lead\">Terminsprechstunden<br >\nBitte vereinbaren Sie vorab einen Termin!<\/p><p  class=\"\">Mo 15.30 \u2013 16.30<br >\nDi &nbsp; nach Vereinbarung&nbsp;<br >Mi &nbsp;14.00 \u2013 16.00\n<br >Do &nbsp;15.30 \u2013 16.30<br >\nFr &nbsp; 16.30 \u2013 18.00<\/p><a  class=\"button color-white dark-text\" href=\"https:\/\/petleo.app?iframe=true&amp;group=0&amp;lang=de&amp;redirect_url=%2Fclinic%2F6b1f162018ed9ffebc47d5d9f6cac15d12566c0d08f3dbb7a74358d4a6d2454e%2Fbranch%2F1%2Fbook-appointment%2F\" target=\"_blank\" data-cp-link=\"1\" data-icon=\"fa-calendar-check-o\" rel=\"noopener\"><span  class=\"button-icon fa fa-calendar-check-o\"><\/span>Online Terminvereinbarung<\/a><\/div> <\/div><\/div> <\/div><div data-label=\"Gallery\" data-id=\"gallery--1\" data-export-id=\"gallery-2\" data-category=\"gallery\" class=\"gallery-2 content-section content-section-spacing\" id=\"gallery-1\"  style=\"background-color: rgb(255, 255, 255);\"><div class=\"\" > <div class=\"row\" ><div class=\"col-xs-12 full-no-padding\" data-editable=\"true\" data-content-shortcode=\"mesmerize_gallery id=&quot;mesmerize-gallery-2&quot; columns=&quot;3&quot; ids=&quot;651,652,654,655,657,658&quot; lb=&quot;1&quot; masonry=&quot;0&quot; size=&quot;medium&quot; link=&quot;file&quot; \" ><div id='mesmerize-gallery-2' class='gallery-wrapper'><style type=\"text\/css\">\n                    @media only screen and (min-width: 768px) {\n                    [data-unique-id='mesmerize-gallery-2-69eb6eee70a65'] dl {\n                        float: left;\n                        width: 33.333333333333% !important;\n                        max-width:  33.333333333333% !important;\n                        min-width:  33.333333333333% !important;\n                    }\n\n                    [data-unique-id='mesmerize-gallery-2-69eb6eee70a65'] dl:nth-of-type(3n +1 ) {\n                      clear: both;\n                      }\n                    }\n                <\/style><div id='mesmerize-gallery-2' class='mesmerize-gallery-2-dls-wrapper gallery-items-wrapper materialis-gallery' data-unique-id='mesmerize-gallery-2-69eb6eee70a65'><dl class='gallery-item'>\n\t\t\t<dt class='gallery-icon portrait'>\n\t\t\t\t<a data-fancybox=\"mesmerize-gallery-2-group\" href='https:\/\/tierarzt-harz.de\/wp-content\/uploads\/2024\/11\/IMG_9788-scaled.jpg'><img loading=\"lazy\" decoding=\"async\"  width=\"277\" height=\"300\" src=\"https:\/\/tierarzt-harz.de\/wp-content\/uploads\/2024\/11\/IMG_9788-277x300.jpg\"  class='mesmerize-gallery-2-image' alt=\"\" srcset=\"https:\/\/tierarzt-harz.de\/wp-content\/uploads\/2024\/11\/IMG_9788-277x300.jpg 277w, https:\/\/tierarzt-harz.de\/wp-content\/uploads\/2024\/11\/IMG_9788-946x1024.jpg 946w, https:\/\/tierarzt-harz.de\/wp-content\/uploads\/2024\/11\/IMG_9788-768x831.jpg 768w, https:\/\/tierarzt-harz.de\/wp-content\/uploads\/2024\/11\/IMG_9788-1419x1536.jpg 1419w, https:\/\/tierarzt-harz.de\/wp-content\/uploads\/2024\/11\/IMG_9788-1892x2048.jpg 1892w, https:\/\/tierarzt-harz.de\/wp-content\/uploads\/2024\/11\/IMG_9788-1024x1108.jpg 1024w, https:\/\/tierarzt-harz.de\/wp-content\/uploads\/2024\/11\/IMG_9788-998x1080.jpg 998w\" sizes=\"auto, (max-width: 277px) 100vw, 277px\" \/><\/a>\n\t\t\t<\/dt><\/dl><dl class='gallery-item'>\n\t\t\t<dt class='gallery-icon landscape'>\n\t\t\t\t<a data-fancybox=\"mesmerize-gallery-2-group\" href='https:\/\/tierarzt-harz.de\/wp-content\/uploads\/2024\/11\/IMG_9800-scaled.jpg'><img loading=\"lazy\" decoding=\"async\"  width=\"300\" height=\"202\" src=\"https:\/\/tierarzt-harz.de\/wp-content\/uploads\/2024\/11\/IMG_9800-300x202.jpg\"  class='mesmerize-gallery-2-image' alt=\"\" srcset=\"https:\/\/tierarzt-harz.de\/wp-content\/uploads\/2024\/11\/IMG_9800-300x202.jpg 300w, https:\/\/tierarzt-harz.de\/wp-content\/uploads\/2024\/11\/IMG_9800-1024x690.jpg 1024w, https:\/\/tierarzt-harz.de\/wp-content\/uploads\/2024\/11\/IMG_9800-768x517.jpg 768w, https:\/\/tierarzt-harz.de\/wp-content\/uploads\/2024\/11\/IMG_9800-1536x1035.jpg 1536w, https:\/\/tierarzt-harz.de\/wp-content\/uploads\/2024\/11\/IMG_9800-2048x1380.jpg 2048w, https:\/\/tierarzt-harz.de\/wp-content\/uploads\/2024\/11\/IMG_9800-1603x1080.jpg 1603w\" sizes=\"auto, (max-width: 300px) 100vw, 300px\" \/><\/a>\n\t\t\t<\/dt><\/dl><dl class='gallery-item'>\n\t\t\t<dt class='gallery-icon portrait'>\n\t\t\t\t<a data-fancybox=\"mesmerize-gallery-2-group\" href='https:\/\/tierarzt-harz.de\/wp-content\/uploads\/2024\/11\/IMG_9792-scaled.jpg'><img loading=\"lazy\" decoding=\"async\"  width=\"246\" height=\"300\" src=\"https:\/\/tierarzt-harz.de\/wp-content\/uploads\/2024\/11\/IMG_9792-246x300.jpg\"  class='mesmerize-gallery-2-image' alt=\"\" srcset=\"https:\/\/tierarzt-harz.de\/wp-content\/uploads\/2024\/11\/IMG_9792-246x300.jpg 246w, https:\/\/tierarzt-harz.de\/wp-content\/uploads\/2024\/11\/IMG_9792-840x1024.jpg 840w, https:\/\/tierarzt-harz.de\/wp-content\/uploads\/2024\/11\/IMG_9792-768x937.jpg 768w, https:\/\/tierarzt-harz.de\/wp-content\/uploads\/2024\/11\/IMG_9792-1259x1536.jpg 1259w, https:\/\/tierarzt-harz.de\/wp-content\/uploads\/2024\/11\/IMG_9792-1679x2048.jpg 1679w, https:\/\/tierarzt-harz.de\/wp-content\/uploads\/2024\/11\/IMG_9792-1024x1249.jpg 1024w, https:\/\/tierarzt-harz.de\/wp-content\/uploads\/2024\/11\/IMG_9792-885x1080.jpg 885w\" sizes=\"auto, (max-width: 246px) 100vw, 246px\" \/><\/a>\n\t\t\t<\/dt><\/dl><dl class='gallery-item'>\n\t\t\t<dt class='gallery-icon landscape'>\n\t\t\t\t<a data-fancybox=\"mesmerize-gallery-2-group\" href='https:\/\/tierarzt-harz.de\/wp-content\/uploads\/2024\/11\/IMG_9820-scaled.jpg'><img loading=\"lazy\" decoding=\"async\"  width=\"300\" height=\"267\" src=\"https:\/\/tierarzt-harz.de\/wp-content\/uploads\/2024\/11\/IMG_9820-300x267.jpg\"  class='mesmerize-gallery-2-image' alt=\"\" srcset=\"https:\/\/tierarzt-harz.de\/wp-content\/uploads\/2024\/11\/IMG_9820-300x267.jpg 300w, https:\/\/tierarzt-harz.de\/wp-content\/uploads\/2024\/11\/IMG_9820-1024x910.jpg 1024w, https:\/\/tierarzt-harz.de\/wp-content\/uploads\/2024\/11\/IMG_9820-768x682.jpg 768w, https:\/\/tierarzt-harz.de\/wp-content\/uploads\/2024\/11\/IMG_9820-1536x1365.jpg 1536w, https:\/\/tierarzt-harz.de\/wp-content\/uploads\/2024\/11\/IMG_9820-2048x1820.jpg 2048w, https:\/\/tierarzt-harz.de\/wp-content\/uploads\/2024\/11\/IMG_9820-1215x1080.jpg 1215w\" sizes=\"auto, (max-width: 300px) 100vw, 300px\" \/><\/a>\n\t\t\t<\/dt><\/dl><dl class='gallery-item'>\n\t\t\t<dt class='gallery-icon portrait'>\n\t\t\t\t<a data-fancybox=\"mesmerize-gallery-2-group\" href='https:\/\/tierarzt-harz.de\/wp-content\/uploads\/2024\/11\/IMG_9809-scaled.jpg'><img loading=\"lazy\" decoding=\"async\"  width=\"282\" height=\"300\" src=\"https:\/\/tierarzt-harz.de\/wp-content\/uploads\/2024\/11\/IMG_9809-282x300.jpg\"  class='mesmerize-gallery-2-image' alt=\"\" srcset=\"https:\/\/tierarzt-harz.de\/wp-content\/uploads\/2024\/11\/IMG_9809-282x300.jpg 282w, https:\/\/tierarzt-harz.de\/wp-content\/uploads\/2024\/11\/IMG_9809-964x1024.jpg 964w, https:\/\/tierarzt-harz.de\/wp-content\/uploads\/2024\/11\/IMG_9809-768x816.jpg 768w, https:\/\/tierarzt-harz.de\/wp-content\/uploads\/2024\/11\/IMG_9809-1445x1536.jpg 1445w, https:\/\/tierarzt-harz.de\/wp-content\/uploads\/2024\/11\/IMG_9809-1927x2048.jpg 1927w, https:\/\/tierarzt-harz.de\/wp-content\/uploads\/2024\/11\/IMG_9809-1024x1088.jpg 1024w, https:\/\/tierarzt-harz.de\/wp-content\/uploads\/2024\/11\/IMG_9809-1016x1080.jpg 1016w\" sizes=\"auto, (max-width: 282px) 100vw, 282px\" \/><\/a>\n\t\t\t<\/dt><\/dl><dl class='gallery-item'>\n\t\t\t<dt class='gallery-icon landscape'>\n\t\t\t\t<a data-fancybox=\"mesmerize-gallery-2-group\" href='https:\/\/tierarzt-harz.de\/wp-content\/uploads\/2024\/11\/IMG_9802-scaled.jpg'><img loading=\"lazy\" decoding=\"async\"  width=\"300\" height=\"200\" src=\"https:\/\/tierarzt-harz.de\/wp-content\/uploads\/2024\/11\/IMG_9802-300x200.jpg\"  class='mesmerize-gallery-2-image' alt=\"\" srcset=\"https:\/\/tierarzt-harz.de\/wp-content\/uploads\/2024\/11\/IMG_9802-300x200.jpg 300w, https:\/\/tierarzt-harz.de\/wp-content\/uploads\/2024\/11\/IMG_9802-1024x683.jpg 1024w, https:\/\/tierarzt-harz.de\/wp-content\/uploads\/2024\/11\/IMG_9802-768x512.jpg 768w, https:\/\/tierarzt-harz.de\/wp-content\/uploads\/2024\/11\/IMG_9802-1536x1024.jpg 1536w, https:\/\/tierarzt-harz.de\/wp-content\/uploads\/2024\/11\/IMG_9802-2048x1365.jpg 2048w, https:\/\/tierarzt-harz.de\/wp-content\/uploads\/2024\/11\/IMG_9802-1620x1080.jpg 1620w\" sizes=\"auto, (max-width: 300px) 100vw, 300px\" \/><\/a>\n\t\t\t<\/dt><\/dl>\n\t\t<\/div>\n<script>(function($){window.MaterialisCaptionsGallery && window.MaterialisCaptionsGallery($('[data-unique-id=\"mesmerize-gallery-2-69eb6eee70a65\"]'))})(jQuery)<\/script><\/div><\/div><\/div> <\/div><\/div><div  data-label=\"Kontakt\" data-id=\"contact--1\" data-export-id=\"contact-3\" data-category=\"contact\" class=\"contact-3 content-section content-section-spacing\" id=\"kontakt\" style=\"background-color: rgb(245, 250, 253); background-size: cover; background-image: url(&quot;https:\/\/tierarzt-harz.de\/wp-content\/uploads\/2021\/07\/Screenshot-2021-07-04-at-12.47.39.png&quot;); background-position: center top;\" data-section-ov=\"1\"><div  class=\"gridContainer\"> <div  class=\"row\"><div  class=\"col-xs-12 col-sm-6 col-sm-offset-6 col-md-5 col-md-offset-7 text-center\"> <div  data-type=\"column\" class=\"card large-padding\"><h2  class=\"font-300\" style=\"border-bottom-color: rgb(100, 171, 40);\">Hier sind wir zu finden<\/h2> <h4  class=\"font-300\">Praxis Ber\u00dfel<\/h4> <p  class=\"\">Lange Stra\u00dfe 51b\n<br >38835 Ber\u00dfel<\/p> <p  class=\"\">Telefon: <\/p> <p  class=\"\">E-Mail: <a  data-mce-href=\"mailto:info@tierarzt-harz.de\" href=\"mailto:info@tierarzt-harz.de\" target=\"_self\" data-mce-selected=\"inline-boundary\" data-cp-link=\"1\" rel=\"noopener\">info@tierarzt-harz.de<\/a><\/p> <a  href=\"https:\/\/www.tierarzt-harz.de\/vcard.vcf\" class=\"button color1\" target=\"_self\" data-cp-link=\"1\" data-icon=\"fa-address-card-o\" rel=\"noopener\"><span  class=\"button-icon fa fa-address-card-o\"><\/span>Visitenkarte herunterladen<\/a><\/div> <\/div><\/div> <\/div><\/div>","protected":false},"excerpt":{"rendered":"<p>WILLKOMMEN IN BER\u00dfEL F\u00fcr die Region um Osterwieck, Ilsenburg, Halberstadt, Bad Harzburg und Wernigerode Terminsprechstunden Bitte vereinbaren Sie vorab einen Termin!Mo 15.30 \u2013 16.30 Di &nbsp; nach Vereinbarung&nbsp;Mi &nbsp;14.00 \u2013 16.00 Do &nbsp;15.30 \u2013 16.30 Fr &nbsp; 16.30 \u2013 18.00Online Terminvereinbarung Hier sind wir zu finden Praxis Ber\u00dfel Lange Stra\u00dfe 51b 38835 Ber\u00dfel Telefon: E-Mail:&hellip; <br \/> <a class=\"read-more\" href=\"https:\/\/tierarzt-harz.de\/?page_id=141\">Read more<\/a><\/p>\n","protected":false},"author":1,"featured_media":0,"parent":0,"menu_order":0,"comment_status":"closed","ping_status":"closed","template":"pro\/page-templates\/full-width-page.php","meta":{"footnotes":""},"class_list":["post-141","page","type-page","status-publish","hentry"],"_links":{"self":[{"href":"https:\/\/tierarzt-harz.de\/index.php?rest_route=\/wp\/v2\/pages\/141","targetHints":{"allow":["GET"]}}],"collection":[{"href":"https:\/\/tierarzt-harz.de\/index.php?rest_route=\/wp\/v2\/pages"}],"about":[{"href":"https:\/\/tierarzt-harz.de\/index.php?rest_route=\/wp\/v2\/types\/page"}],"author":[{"embeddable":true,"href":"https:\/\/tierarzt-harz.de\/index.php?rest_route=\/wp\/v2\/users\/1"}],"replies":[{"embeddable":true,"href":"https:\/\/tierarzt-harz.de\/index.php?rest_route=%2Fwp%2Fv2%2Fcomments&post=141"}],"version-history":[{"count":15,"href":"https:\/\/tierarzt-harz.de\/index.php?rest_route=\/wp\/v2\/pages\/141\/revisions"}],"predecessor-version":[{"id":659,"href":"https:\/\/tierarzt-harz.de\/index.php?rest_route=\/wp\/v2\/pages\/141\/revisions\/659"}],"wp:attachment":[{"href":"https:\/\/tierarzt-harz.de\/index.php?rest_route=%2Fwp%2Fv2%2Fmedia&parent=141"}],"curies":[{"name":"wp","href":"https:\/\/api.w.org\/{rel}","templated":true}]}}