{"id":3,"date":"2021-07-03T20:23:47","date_gmt":"2021-07-03T18:23:47","guid":{"rendered":"https:\/\/tierarzt-harz.de\/?page_id=3"},"modified":"2021-09-19T15:05:46","modified_gmt":"2021-09-19T13:05:46","slug":"privacy-policy","status":"publish","type":"page","link":"https:\/\/tierarzt-harz.de\/?page_id=3","title":{"rendered":"Impressum"},"content":{"rendered":"<div  data-label=\"Imprint\" data-id=\"content--1\" data-export-id=\"content-12\" data-category=\"content\" class=\"content-12 content-section content-section-spacing\" id=\"imprint\" style=\"background-color: rgb(255, 255, 255);\"><div  class=\"gridContainer\">  <div  class=\"row center-xs middle-xs\"> <div  class=\"col-sm-9\" data-type=\"column\"> <p  class=\"lead\" style=\"text-align: left;\"><span  style=\"font-weight: 700;\">Tierarztpraxis Christina Strohkorb\n\n<\/span>Rathausplatz 6<br >\n06493 Ballenstedt (Harz)<br >\nTel.: 039483\/972730\n<br ><br >E-Mail: <a data-mce-href=\"mailto:info@tierarzt-harz.de\" href=\"mailto:info@tierarzt-harz.de\" target=\"_blank\" rel=\"noopener\" data-mce-selected=\"inline-boundary\" data-cp-link=\"1\">info@tierarzt-harz.de<\/a><br >\nInternet: <a data-mce-href=\"https:\/\/www.tierarzt-harz.de\" href=\"https:\/\/www.tierarzt-harz.de\" target=\"_self\" data-mce-selected=\"inline-boundary\" data-cp-link=\"1\" rel=\"noopener\" class=\"\">www.tierarzt-harz.de<\/a>\n<br ><br ><span  style=\"font-weight: 600;\">Pflichtangaben gem\u00e4\u00df Teledienstgesetz (TDG):<\/span><br >\nVerantwortliche Leiterin: T\u00c4 Christina Strohkorb<br >\nStaat: Bundesrepublik Deutschland, Land: Sachsen-Anhalt\n<br ><br ><span  style=\"font-weight: 600;\">Umsatzsteuer-Identifikationsnummer:<\/span> DE292758885\n<br ><br ><span  style=\"font-weight: 600;\">Berufsbezeichnung:<\/span> Tier\u00e4rztin, praktische Tier\u00e4rztin, die Approbation wurde in der Bundesrepublik Deutschland verliehen\n<br ><br ><span  style=\"font-weight: 600;\">Zust\u00e4ndige Aufsichtsbeh\u00f6rde:<\/span><br >\nTier\u00e4rztekammer Sachsen-Anhalt, Feiimfelder Str. 4, 06112 Halle\/Saale<br >E-Mail: <a data-mce-href=\"mailto:poststelle@taek-lsa.de\" href=\"mailto:poststelle@taek-lsa.de\" target=\"_blank\" rel=\"noopener\" data-mce-selected=\"inline-boundary\" data-cp-link=\"1\">poststelle@taek-lsa.de<\/a><br >\nInternet: <a data-mce-href=\"http:\/\/www.tieraerztekammer-sachsen-anhalt.de\" href=\"http:\/\/www.tieraerztekammer-sachsen-anhalt.de\" target=\"_blank\" rel=\"noopener\" data-mce-selected=\"inline-boundary\" data-cp-link=\"1\" class=\"\">www.tieraerztekammer-sachsen-anhalt.de<\/a>\n<br ><br ><span  style=\"font-weight: 600;\">Berufsrechtliche Regelungen:<\/span><br >\nBerufsordnung der Landestier\u00e4rztekammer Sachsen-Anhalt<br >\nHeilberufegesetz Sachsen-Anhalt<br >\nGeb\u00fchrenordnung Tier\u00e4rzte (GOT)\n<br ><br ><span  style=\"font-weight: 600;\">Haftungshinweis:<\/span><br >\nTrotz sorgf\u00e4ltiger inhaltlicher Kontrolle \u00fcbernehmen wir keine Haftung f\u00fcr die Inhalte externer Links. F\u00fcr den Inhalt der verlinkten Seiten sind ausschlie\u00dflich deren Betreiber verantwortlich.\n<br ><br ><span  style=\"font-weight: 600;\">Alle Rechte vorbehalten:<\/span><br >\nTexte und Bilder sowie deren Anordnung auf diesen Seiten unterliegen dem Schutz des Urheberrechts und anderer Schutzgesetze. Der Inhalt dieser Seiten darf nicht auf kommerziellen Zwecken kopiert, verbreitet, ver\u00e4ndert oder Dritten zug\u00e4nglich gemacht werden.\n<br ><br ><span  style=\"font-weight: 600;\">Hausapotheke:<\/span><br >\nWir f\u00fchren eine nach \u00a7 67 des Arzneimittelgesetzes angezeigte tier\u00e4rztliche Hausapotheke.\n<br ><br ><span  style=\"font-weight: 600;\">Preise\/Geb\u00fchrenordnung:<\/span><br >\nDie Geb\u00fchrenordnung f\u00fcr Tier\u00e4rzte (GOT) ist eine von der Bundesregierung erlassene Rechtsverordnung, die vorschreibt, wie tier\u00e4rztliche Leistungen abzurechnen sind. Die GOT ist f\u00fcr alle praktizierenden Tier\u00e4rzte bindend. Bei Unterschreitung der Preise der GOT macht sich der Tierarzt strafbar. F\u00fcr Sie als Tierhalter ist ein \u00fcberschaubarer Geb\u00fchrenrahmen und die Qualit\u00e4t der tier\u00e4rztlichen Leistung wichtig. In der GOT sind rund 800 Einzelleistungen und Behandlungsschritte aufgelistet. Das Geb\u00fchrenverzeichnis enth\u00e4lt keine Endpreise der Behandlungen. Der Endpreis setzt sich nach einem Baukastensystem aus den Geb\u00fchrens\u00e4tzen der medizinischen Einzelschritte zusammen. Dies ist notwendig, um den individuellen Behandlungsbed\u00fcrfnissen der Patienten gerecht zu werden. Die Gliederung in einzelne Behandlungsschritte erfordert medizinisches Verst\u00e4ndnis und ist f\u00fcr den Laien nicht immer klar nachvollziehbar. Bei Fragen stehen wir Ihnen nat\u00fcrlich gerne zur Verf\u00fcgung.\n<br >\n<br ><span  style=\"font-weight: 600;\">Fotos:\n<\/span><br ><a data-mce-href=\"https:\/\/deinmomentmal.de\" href=\"https:\/\/deinmomentmal.de\" target=\"_blank\" rel=\"noopener\" data-mce-selected=\"inline-boundary\" data-cp-link=\"1\" class=\"\">Nina Richter<\/a>\n<br >Adobe Stock\ufeff<\/p><div ><a data-mce-href=\"https:\/\/deinmomentmal.de\" href=\"https:\/\/deinmomentmal.de\" target=\"_blank\" rel=\"noopener\" data-mce-selected=\"inline-boundary\" data-cp-link=\"1\" class=\"\">\ufeff<\/a><\/div><\/div> <\/div><\/div> <\/div>","protected":false},"excerpt":{"rendered":"<p>Tierarztpraxis Christina Strohkorb Rathausplatz 6 06493 Ballenstedt (Harz) Tel.: 039483\/972730 E-Mail: info@tierarzt-harz.de Internet: www.tierarzt-harz.de Pflichtangaben gem\u00e4\u00df Teledienstgesetz (TDG): Verantwortliche Leiterin: T\u00c4 Christina Strohkorb Staat: Bundesrepublik Deutschland, Land: Sachsen-Anhalt Umsatzsteuer-Identifikationsnummer: DE292758885 Berufsbezeichnung: Tier\u00e4rztin, praktische Tier\u00e4rztin, die Approbation wurde in der Bundesrepublik Deutschland verliehen Zust\u00e4ndige Aufsichtsbeh\u00f6rde: Tier\u00e4rztekammer Sachsen-Anhalt, Feiimfelder Str. 4, 06112 Halle\/SaaleE-Mail: poststelle@taek-lsa.de Internet: www.tieraerztekammer-sachsen-anhalt.de Berufsrechtliche&hellip; <br \/> <a class=\"read-more\" href=\"https:\/\/tierarzt-harz.de\/?page_id=3\">Read more<\/a><\/p>\n","protected":false},"author":1,"featured_media":0,"parent":0,"menu_order":0,"comment_status":"closed","ping_status":"open","template":"pro\/page-templates\/full-width-page.php","meta":{"footnotes":""},"class_list":["post-3","page","type-page","status-publish","hentry"],"_links":{"self":[{"href":"https:\/\/tierarzt-harz.de\/index.php?rest_route=\/wp\/v2\/pages\/3","targetHints":{"allow":["GET"]}}],"collection":[{"href":"https:\/\/tierarzt-harz.de\/index.php?rest_route=\/wp\/v2\/pages"}],"about":[{"href":"https:\/\/tierarzt-harz.de\/index.php?rest_route=\/wp\/v2\/types\/page"}],"author":[{"embeddable":true,"href":"https:\/\/tierarzt-harz.de\/index.php?rest_route=\/wp\/v2\/users\/1"}],"replies":[{"embeddable":true,"href":"https:\/\/tierarzt-harz.de\/index.php?rest_route=%2Fwp%2Fv2%2Fcomments&post=3"}],"version-history":[{"count":17,"href":"https:\/\/tierarzt-harz.de\/index.php?rest_route=\/wp\/v2\/pages\/3\/revisions"}],"predecessor-version":[{"id":301,"href":"https:\/\/tierarzt-harz.de\/index.php?rest_route=\/wp\/v2\/pages\/3\/revisions\/301"}],"wp:attachment":[{"href":"https:\/\/tierarzt-harz.de\/index.php?rest_route=%2Fwp%2Fv2%2Fmedia&parent=3"}],"curies":[{"name":"wp","href":"https:\/\/api.w.org\/{rel}","templated":true}]}}