{"id":48,"date":"2021-07-03T17:06:43","date_gmt":"2021-07-03T17:06:43","guid":{"rendered":"https:\/\/tierarzt-harz.de\/?page_id=48"},"modified":"2026-01-13T10:23:32","modified_gmt":"2026-01-13T09:23:32","slug":"mesmerize","status":"publish","type":"page","link":"https:\/\/tierarzt-harz.de\/","title":{"rendered":"Kleintierpraxis Christina Strohkorb"},"content":{"rendered":"<div  data-label=\"Kontakt\" data-id=\"overlappable--1\" data-export-id=\"overlappable-5\" data-category=\"overlappable\" class=\"overlappable-5 content-section content-section-spacing\" data-overlap=\"true\" id=\"kontakt\" style=\"background-color: rgb(255, 255, 255);\"><div  class=\"gridContainer\"> <div  data-type=\"row\" class=\"row shadow-medium bg-color-white\"><div  class=\"col-xs-12 col-sm-4 col-padding col-padding-xs bg-color-white\"> <div  class=\"row middle-sm\"><div  class=\"col-xs-12 col-sm-fit icon-column\"> <i  class=\"fa icon fa-address-card-o bordered round small color1\"><\/i><\/div> <div  data-type=\"column\" class=\"col-xs-12 col-sm v-spacing\"><h5  class=\"\">SO ERREICHEN SIE UNS<\/h5><\/div> <\/div> <div  class=\"row\"> <div  class=\"col-xs-12 col-sm-12\" data-type=\"column\"> <p  class=\"\">Bei Terminanfragen, Fragen und allen weiteren Themen erreichen Sie uns \u00fcber<br >\n<br >Telefon&nbsp; &nbsp; 0151 123 988 58 \n<br >E-Mail &nbsp; &nbsp; &nbsp; <a  data-mce-href=\"mailto:info@tierarzt-harz.de\" href=\"mailto:info@tierarzt-harz.de\" target=\"_self\" data-mce-selected=\"inline-boundary\" data-cp-link=\"1\" rel=\"noopener\">info@tierarzt-harz.de<\/a><\/p> <a  class=\"button small color1\" href=\"https:\/\/www.tierarzt-harz.de\/vcard.vcf\" target=\"_self\" data-cp-link=\"1\" data-icon=\"fa-address-card-o\" rel=\"noopener\"><span  class=\"button-icon fa fa-address-card-o\"><\/span>Visitenkarte herunterladen<\/a><\/div> <\/div><\/div> <div  class=\"col-xs-12 col-sm-4 col-padding col-padding-xs bg-color-white\"><div  class=\"row middle-sm\"> <div  class=\"col-xs-12 col-sm-fit icon-column\"><i  class=\"fa icon fa-map-signs bordered round small color1\"><\/i><\/div> <div  data-type=\"column\" class=\"col-xs-12 col-sm v-spacing\"><h5  class=\"\">PRAXIS BALLENSTEDT<\/h5><\/div> <\/div> <div  class=\"row\"> <div  class=\"col-xs-12 col-sm-12\" data-type=\"column\"> <p  class=\"\">F\u00fcr die Region um Quedlinburg, Aschersleben und Halberstadt<br >\n<br >Rathausplatz 6\n<br >06493 Ballenstedt<\/p> <a  class=\"button color1\" href=\"https:\/\/petleo.app?iframe=true&amp;group=0&amp;lang=de&amp;redirect_url=%2Fclinic%2F6b1f162018ed9ffebc47d5d9f6cac15d12566c0d08f3dbb7a74358d4a6d2454e%2Fbranch%2F5%2Fbook-appointment%2F\" target=\"_blank\" data-cp-link=\"1\" data-icon=\"fa-calendar-check-o\" rel=\"noopener\"><span  class=\"button-icon fa fa-calendar-check-o\"><\/span>Online Terminvereinbarung<\/a><a  href=\"https:\/\/tierarzt-harz.de?page_id=140\" class=\"read-more color2\" target=\"_self\" data-cp-link=\"1\" rel=\"noopener\" style=\"position: relative; top: 0px; left: 0px;\">mehr Informationen<\/a><\/div> <\/div><\/div> <div  class=\"col-xs-12 col-sm-4 col-padding col-padding-xs bg-color-white\"><div  class=\"row middle-sm\"> <div  class=\"col-xs-12 col-sm-fit icon-column\"><i  class=\"fa icon fa-map-signs bordered round small color1\"><\/i><\/div> <div  data-type=\"column\" class=\"col-xs-12 col-sm v-spacing\"><h5  class=\"\">PRAXIS BER\u00dfEL<\/h5><\/div> <\/div> <div  class=\"row\"> <div  class=\"col-xs-12 col-sm-12\" data-type=\"column\"> <p  class=\"\">F\u00fcr die Region um Osterwieck, Ilsenburg und Wernigerode\n<br ><br >Lange Stra\u00dfe 51b\n<br >38835 Ber\u00dfel<\/p> <a  class=\"button color1\" href=\"https:\/\/petleo.app?iframe=true&amp;group=0&amp;lang=de&amp;redirect_url=%2Fclinic%2F6b1f162018ed9ffebc47d5d9f6cac15d12566c0d08f3dbb7a74358d4a6d2454e%2Fbranch%2F1%2Fbook-appointment%2F\" target=\"_blank\" data-cp-link=\"1\" data-icon=\"fa-calendar-check-o\" rel=\"noopener\"><span  class=\"button-icon fa fa-calendar-check-o\"><\/span>Online Terminvereinbarung<\/a><a  href=\"https:\/\/tierarzt-harz.de?page_id=141\" class=\"read-more color2\" target=\"_self\" data-cp-link=\"1\" rel=\"noopener\" style=\"position: relative; top: 0px; left: 0px;\">mehr Informationen<\/a><\/div> <\/div><\/div> <\/div><\/div> <\/div><div  data-label=\"Termin\" data-id=\"content--1\" data-export-id=\"content-3\" data-category=\"content\" class=\"content-3 content-section content-section-spacing\" id=\"termin\" style=\"background-color: rgb(255, 255, 255); background-image: none;\"><div > <div  class=\"row middle-xs\"><div  class=\"col-sm-7 full-col-left-padding full-col-right-padding\"> <div  class=\"row\"><div  data-type=\"column\" class=\"space-bottom-small content-title-col\"> <h5  class=\"\">AB JETZT VERF\u00dcGBAR<\/h5> <h2  class=\"\" style=\"border-bottom-color: rgb(100, 171, 40);\">Online Terminvereinbarung<\/h2> <p  class=\"\">Von nun an k\u00f6nnen Sie nicht nur telefonisch oder per E-Mail Termine vereinbaren, sondern auch direkt \u00fcber unsere Online Buchungsplattform!<\/p><\/div> <\/div> <div  class=\"row spaced-cols\" data-type=\"row\"> <div  class=\"col-xs-6\" data-type=\"column\"> <h5  class=\"\">BALLENSTEDT<\/h5> <p  class=\"\">Verf\u00fcgbar f\u00fcr unsere Sprechzeiten in Ballenstedt.<\/p><a  class=\"button color1\" href=\"https:\/\/petleo.app?iframe=true&amp;group=0&amp;lang=de&amp;redirect_url=%2Fclinic%2F6b1f162018ed9ffebc47d5d9f6cac15d12566c0d08f3dbb7a74358d4a6d2454e%2Fbranch%2F5%2Fbook-appointment%2F\" target=\"_blank\" data-cp-link=\"1\" data-icon=\"fa-calendar-check-o\" rel=\"noopener\"><span  class=\"button-icon fa fa-calendar-check-o\"><\/span>Online Terminvereinbarung<\/a><\/div> <div  class=\"col-xs-6\" data-type=\"column\"><h5  class=\"\">BER\u00dfEL<\/h5> <p  class=\"\">Verf\u00fcgbar f\u00fcr unsere Sprechzeiten in Ber\u00dfel.<\/p><a  class=\"button color1\" href=\"https:\/\/petleo.app?iframe=true&amp;group=0&amp;lang=de&amp;redirect_url=%2Fclinic%2F6b1f162018ed9ffebc47d5d9f6cac15d12566c0d08f3dbb7a74358d4a6d2454e%2Fbranch%2F1%2Fbook-appointment%2F\" target=\"_blank\" data-cp-link=\"1\" data-icon=\"fa-calendar-check-o\" rel=\"noopener\"><span  class=\"button-icon fa fa-calendar-check-o\"><\/span>Online Terminvereinbarung<\/a><\/div>   <\/div><\/div> <div  class=\"col-sm-5 bg-image shadow-large-black revert-classes-holder\" data-bg=\"image\" style=\"background-image: url(&quot;https:\/\/tierarzt-harz.de\/wp-content\/uploads\/2023\/09\/cropped-meeting-273857_1280.jpg&quot;);\"><\/div><\/div> <\/div><\/div><div  data-label=\"Sprechzeiten\" data-id=\"overlappable--3\" data-export-id=\"overlappable-3\" data-category=\"overlappable\" class=\"overlappable-3 content-section content-section-spacing\" data-overlap=\"true\" id=\"sprechzeiten\" style=\"background-color: rgb(255, 255, 255);\"><div  class=\"gridContainer\"> <div  class=\"row bg-color-white shadow-medium\"><div  class=\"col-xs-12 col-sm-6 image-col first-image-col\" data-bg=\"image\" style=\"background-image: url(&quot;https:\/\/tierarzt-harz.de\/wp-content\/uploads\/2021\/09\/cropped-5-Team-5-von-65_c.jpg&quot;);\"><\/div> <div  class=\"col-xs-12 col-sm-6 content-col col-padding col-padding-xs\"> <div  class=\"col-padding\" data-type=\"column\"> <h4  class=\"\">Sprechzeiten Ballenstedt<\/h4> <p  class=\"\"><span  style=\"font-weight: 600;\">Terminsprechstunden<\/span><br ><span  style=\"font-weight: 600;\">\nBitte vereinbaren Sie vorab einen Termin!\n\n<\/span><br >\nMo &nbsp;9.30 \u2013 11.30 &nbsp;| &nbsp;14.30 \u2013 16.00<br >\nDi &nbsp; &nbsp; &nbsp; &nbsp; &nbsp; &nbsp; &nbsp; &nbsp; &nbsp; &nbsp; &nbsp; &nbsp; &nbsp; &nbsp; &nbsp; &nbsp;16.30 \u2013 18.30<br >\nMi &nbsp; &nbsp; &nbsp; &nbsp; &nbsp; &nbsp; &nbsp; &nbsp; &nbsp; &nbsp; &nbsp; &nbsp; &nbsp; &nbsp; &nbsp; 18.00 \u2013 20.00<br >\nDo &nbsp;9.30 \u2013 11.30 &nbsp;| &nbsp; 15.30 \u2013 17.30<br >\nFr &nbsp; &nbsp;9.30 \u2013 11.30<\/p> <\/div> <\/div><\/div> <div  class=\"row bg-color-white shadow-medium\"><div  class=\"col-xs-12 col-sm-6 content-col col-padding col-padding-xs\"> <div  class=\"col-padding\" data-type=\"column\"><h4  class=\"\">Sprechzeiten Ber\u00dfel<\/h4> <p  class=\"\"><span  style=\"font-weight: 600;\">Terminsprechstunden<\/span><br ><span  style=\"font-weight: 600;\">\nBitte vereinbaren Sie vorab einen Termin!<\/span><br >\nMo &nbsp;15.30 \u2013 16.30<br >\nDi &nbsp; &nbsp;nach Vereinbarung<br >\nMi &nbsp; 14.00 \u2013 16.00\n<br >Do &nbsp;15.30 \u2013 16.30\n<br >\nFr &nbsp; &nbsp;16.30 \u2013 18.00<\/p> <\/div> <\/div> <div  class=\"col-xs-12 col-sm-6 image-col second-image-col first-xs last-sm\" data-bg=\"image\" style=\"background-image: url(&quot;https:\/\/tierarzt-harz.de\/wp-content\/uploads\/2024\/11\/cropped-IMG_9802-scaled-1.jpg&quot;);\"><\/div> <\/div><\/div> <\/div><div  data-label=\"Labor\" data-id=\"about--1\" data-export-id=\"about-4\" data-category=\"about\" class=\"about-4 content-section content-section-spacing content-relative\" id=\"labor\" style=\"background-color: rgb(255, 255, 255); background-image: none;\"><div  class=\"section-separator-top\">\n    <svg  xmlns=\"http:\/\/www.w3.org\/2000\/svg\" viewBox=\"0 0 2600 131.1\" preserveAspectRatio=\"none\" data-separator-name=\"opacity-tilt\" class=\"section-separator-top\">\n\t<path  class=\"svg-white-bg\" d=\"M0 0L2600 0 2600 69.1 0 0z\"><\/path>\n\t<path  class=\"svg-white-bg\" style=\"opacity: 0.5;\" d=\"M0 0L2600 0 2600 69.1 0 69.1z\"><\/path>\n\t<path  class=\"svg-white-bg\" style=\"opacity: 0.25;\" d=\"M2600 0L0 0 0 130.1 2600 69.1z\"><\/path>\n<\/svg>\n<\/div><div  class=\"gridContainer\"> <div  class=\"row middle-sm text-center\"><div  class=\"col-sm-5 space-bottom-xs\" data-type=\"column\"> <h5  class=\"\">Zuchtberatung &amp; Betreuung<\/h5> <h2  class=\"\" style=\"border-bottom-color: rgb(100, 171, 40);\">Modernste Laborger\u00e4te erm\u00f6glichen&nbsp;<br > <span  style=\"font-family: Playfair Display,sans-serif; font-weight: 700; font-style: italic;\" href=\"#\">umfassende Diagnostik<\/span>&nbsp;aller g\u00e4ngigen Blutparameter<\/h2> <p  class=\"\">Wir bieten in House Diagnostik aller g\u00e4ngigen Blutparameter an.<br >\nBesonders hervorzuheben ist, dass wir dank neuester Technik mit unserem Catalyst One auch <span  style=\"font-weight: 600;\">Progesteron, SDMA, T4 etc. direkt vor Ort und innerhalb kurzer Zeit<\/span> bestimmen k\u00f6nnen.<\/p> <a  class=\"button color1\" href=\"https:\/\/tierarzt-harz.de?page_id=138\" target=\"_self\" data-cp-link=\"1\" data-icon=\"fa-hand-o-right\" rel=\"noopener\"><span  class=\"button-icon fa fa-hand-o-right\"><\/span>Weitere Informationen<\/a><\/div> <div  class=\"col-sm-7 flexbox center-xs middle-xs image-group-2-img\"> <img  decoding=\"async\" class=\"img-1 shadow-large\" data-size=\"250x200\" src=\"https:\/\/tierarzt-harz.de\/wp-content\/uploads\/2022\/02\/cropped-technician-using-analyzer-with-smart-service.jpg__585x350_q80_subject_location-292175_subsampling-2.jpg\" title=\"cropped-technician-using-analyzer-with-smart-service.jpg__585x350_q80_subject_location-292175_subsampling-2.jpg\" alt=\"\"> <img  decoding=\"async\" class=\"img-2 shadow-large\" data-size=\"220x170\" src=\"https:\/\/tierarzt-harz.de\/wp-content\/uploads\/2022\/02\/cropped-Idexx_2-scaled-1.jpg\" title=\"cropped-Idexx_2-scaled-1.jpg\" alt=\"\"><\/div> <\/div><\/div> <\/div><div  data-label=\"Ultraschall\" data-id=\"content--3\" data-export-id=\"content-15\" data-category=\"content\" class=\"content-15 content-section content-section-spacing\" id=\"ultraschall\" style=\"background-color: rgb(255, 255, 255);\"><div  class=\"gridContainer\"> <div  class=\"row middle-sm\"><div  class=\"col-sm-6 flexbox around-xs top-xs space-bottom-xs space-top-xs\"> <div  class=\"overlay-box flexbox middle-xs center-xs overlay-holder\"><div  class=\"overlay-box-offset offset-border shadow-medium border-color2 hide-xs\"><\/div> <img  decoding=\"async\" class=\"flexbox shadow-large img1\" data-size=\"500x500\" src=\"https:\/\/tierarzt-harz.de\/wp-content\/uploads\/2025\/07\/cropped-thumbnail_IMG_6541.jpg\" title=\"Ultraschall\" alt=\"\"><\/div> <\/div> <div  class=\"col-sm-6\" data-type=\"column\"> <h2  class=\"\" style=\"border-bottom-color: rgb(100, 171, 40);\">Auch bei den kleinsten Patienten kann man eine Ultraschalluntersuchung durchf\u00fchren<\/h2> <p  class=\"\">Modernste Technologie erm\u00f6glichen uns selbst bei kleinsten Patienten eine sehr umfangreiche Diagnose bspw. durch eine Ultraschalluntersuchung.<\/p> <\/div> <\/div><\/div> <\/div>","protected":false},"excerpt":{"rendered":"<p>SO ERREICHEN SIE UNS Bei Terminanfragen, Fragen und allen weiteren Themen erreichen Sie uns \u00fcber Telefon&nbsp; &nbsp; 0151 123 988 58 E-Mail &nbsp; &nbsp; &nbsp; info@tierarzt-harz.de Visitenkarte herunterladen PRAXIS BALLENSTEDT F\u00fcr die Region um Quedlinburg, Aschersleben und Halberstadt Rathausplatz 6 06493 Ballenstedt Online Terminvereinbarungmehr Informationen PRAXIS BER\u00dfEL F\u00fcr die Region um Osterwieck, Ilsenburg und Wernigerode&hellip; <br \/> <a class=\"read-more\" href=\"https:\/\/tierarzt-harz.de\/\">Read more<\/a><\/p>\n","protected":false},"author":1,"featured_media":0,"parent":0,"menu_order":0,"comment_status":"closed","ping_status":"closed","template":"page-templates\/homepage.php","meta":{"footnotes":""},"class_list":["post-48","page","type-page","status-publish","hentry"],"_links":{"self":[{"href":"https:\/\/tierarzt-harz.de\/index.php?rest_route=\/wp\/v2\/pages\/48","targetHints":{"allow":["GET"]}}],"collection":[{"href":"https:\/\/tierarzt-harz.de\/index.php?rest_route=\/wp\/v2\/pages"}],"about":[{"href":"https:\/\/tierarzt-harz.de\/index.php?rest_route=\/wp\/v2\/types\/page"}],"author":[{"embeddable":true,"href":"https:\/\/tierarzt-harz.de\/index.php?rest_route=\/wp\/v2\/users\/1"}],"replies":[{"embeddable":true,"href":"https:\/\/tierarzt-harz.de\/index.php?rest_route=%2Fwp%2Fv2%2Fcomments&post=48"}],"version-history":[{"count":55,"href":"https:\/\/tierarzt-harz.de\/index.php?rest_route=\/wp\/v2\/pages\/48\/revisions"}],"predecessor-version":[{"id":702,"href":"https:\/\/tierarzt-harz.de\/index.php?rest_route=\/wp\/v2\/pages\/48\/revisions\/702"}],"wp:attachment":[{"href":"https:\/\/tierarzt-harz.de\/index.php?rest_route=%2Fwp%2Fv2%2Fmedia&parent=48"}],"curies":[{"name":"wp","href":"https:\/\/api.w.org\/{rel}","templated":true}]}}